{"id":579,"date":"2026-03-21T17:27:59","date_gmt":"2026-03-21T16:27:59","guid":{"rendered":"http:\/\/tksg.pl\/?page_id=579"},"modified":"2026-03-22T17:41:08","modified_gmt":"2026-03-22T16:41:08","slug":"home","status":"publish","type":"page","link":"https:\/\/tksg.pl\/","title":{"rendered":"Home"},"content":{"rendered":"\t\t<div data-elementor-type=\"wp-page\" data-elementor-id=\"579\" class=\"elementor elementor-579\" data-elementor-post-type=\"page\">\n\t\t\t\t<div class=\"elementor-element elementor-element-c9a9ce3 e-flex e-con-boxed e-con e-parent\" data-id=\"c9a9ce3\" data-element_type=\"container\" data-e-type=\"container\">\n\t\t\t\t\t<div class=\"e-con-inner\">\n\t\t\t\t<div class=\"elementor-element elementor-element-f284a1a elementor--h-position-center elementor--v-position-middle elementor-arrows-position-inside elementor-pagination-position-inside elementor-widget elementor-widget-slides\" data-id=\"f284a1a\" data-element_type=\"widget\" data-e-type=\"widget\" data-settings=\"{&quot;navigation&quot;:&quot;both&quot;,&quot;autoplay&quot;:&quot;yes&quot;,&quot;pause_on_hover&quot;:&quot;yes&quot;,&quot;pause_on_interaction&quot;:&quot;yes&quot;,&quot;autoplay_speed&quot;:5000,&quot;infinite&quot;:&quot;yes&quot;,&quot;transition&quot;:&quot;slide&quot;,&quot;transition_speed&quot;:500}\" data-widget_type=\"slides.default\">\n\t\t\t\t\t\t\t\t\t\t<div class=\"elementor-slides-wrapper elementor-main-swiper swiper\" role=\"region\" aria-roledescription=\"carousel\" aria-label=\"Super cena \" dir=\"ltr\" data-animation=\"fadeInUp\">\n\t\t\t\t<div class=\"swiper-wrapper elementor-slides\">\n\t\t\t\t\t\t\t\t\t\t<div class=\"elementor-repeater-item-4363c82 swiper-slide\" role=\"group\" aria-roledescription=\"slide\"><div class=\"swiper-slide-bg\" role=\"img\" aria-label=\"balony lateksowe\"><\/div><div class=\"swiper-slide-inner\" ><div class=\"swiper-slide-contents\"><div class=\"elementor-slide-heading\">Balony lateksowe<\/div><div class=\"elementor-slide-description\">Wybierz kolor, rozmiar i stw\u00f3rz niepowtarzaln\u0105 dekoracj\u0119<\/div><div  class=\"elementor-button elementor-slide-button elementor-size-sm\">Naci\u015bnij mnie<\/div><\/div><\/div><\/div><div class=\"elementor-repeater-item-16850a5 swiper-slide\" role=\"group\" aria-roledescription=\"slide\"><div class=\"swiper-slide-bg\" role=\"img\" aria-label=\"talerzyki i kubeczki\"><\/div><div class=\"swiper-slide-inner\" ><div class=\"swiper-slide-contents\"><div class=\"elementor-slide-heading\">Talerzyki i kubeczki<\/div><div class=\"elementor-slide-description\">Wybierz sw\u00f3j zestaw<\/div><div  class=\"elementor-button elementor-slide-button elementor-size-sm\">Naci\u015bnij mnie<\/div><\/div><\/div><\/div><div class=\"elementor-repeater-item-875514c swiper-slide\" role=\"group\" aria-roledescription=\"slide\"><div class=\"swiper-slide-bg\" role=\"img\" aria-label=\"Litery\"><\/div><div class=\"swiper-slide-inner\" ><div class=\"swiper-slide-contents\"><div class=\"elementor-slide-heading\">Litery i cyfry<\/div><div class=\"elementor-slide-description\">Wielkie cyfry, kolorowe litery.<\/div><div  class=\"elementor-button elementor-slide-button elementor-size-sm\">Naci\u015bnij mnie<\/div><\/div><\/div><\/div><div class=\"elementor-repeater-item-3a6ddbe swiper-slide\" role=\"group\" aria-roledescription=\"slide\"><div class=\"swiper-slide-bg\" role=\"img\" aria-label=\"balony foliowe\"><\/div><div class=\"swiper-slide-inner\" ><div class=\"swiper-slide-contents\"><div class=\"elementor-slide-heading\">Balony foliowe<\/div><div class=\"elementor-slide-description\">bohaterowie gier, bajek, film\u00f3w.<\/div><div  class=\"elementor-button elementor-slide-button elementor-size-sm\">Naci\u015bnij mnie<\/div><\/div><\/div><\/div>\t\t\t\t<\/div>\n\t\t\t\t\t\t\t\t\t\t\t\t\t\t\t<div class=\"elementor-swiper-button elementor-swiper-button-prev\" role=\"button\" tabindex=\"0\" aria-label=\"Previous slide\">\n\t\t\t\t\t\t\t<svg aria-hidden=\"true\" class=\"e-font-icon-svg e-eicon-chevron-left\" viewBox=\"0 0 1000 1000\" xmlns=\"http:\/\/www.w3.org\/2000\/svg\"><path d=\"M646 125C629 125 613 133 604 142L308 442C296 454 292 471 292 487 292 504 296 521 308 533L604 854C617 867 629 875 646 875 663 875 679 871 692 858 704 846 713 829 713 812 713 796 708 779 692 767L438 487 692 225C700 217 708 204 708 187 708 171 704 154 692 142 675 129 663 125 646 125Z\"><\/path><\/svg>\t\t\t\t\t\t<\/div>\n\t\t\t\t\t\t<div class=\"elementor-swiper-button elementor-swiper-button-next\" role=\"button\" tabindex=\"0\" aria-label=\"Next slide\">\n\t\t\t\t\t\t\t<svg aria-hidden=\"true\" class=\"e-font-icon-svg e-eicon-chevron-right\" viewBox=\"0 0 1000 1000\" xmlns=\"http:\/\/www.w3.org\/2000\/svg\"><path d=\"M696 533C708 521 713 504 713 487 713 471 708 454 696 446L400 146C388 133 375 125 354 125 338 125 325 129 313 142 300 154 292 171 292 187 292 204 296 221 308 233L563 492 304 771C292 783 288 800 288 817 288 833 296 850 308 863 321 871 338 875 354 875 371 875 388 867 400 854L696 533Z\"><\/path><\/svg>\t\t\t\t\t\t<\/div>\n\t\t\t\t\t\t\t\t\t\t\t\t\t\t\t\t<div class=\"swiper-pagination\"><\/div>\n\t\t\t\t\t\t\t\t\t\t\t\t<\/div>\n\t\t\t\t\t\t\t\t<\/div>\n\t\t\t\t\t<\/div>\n\t\t\t\t<\/div>\n\t\t<div class=\"elementor-element elementor-element-8d34db4 e-flex e-con-boxed e-con e-parent\" data-id=\"8d34db4\" data-element_type=\"container\" data-e-type=\"container\">\n\t\t\t\t\t<div class=\"e-con-inner\">\n\t\t\t\t<div class=\"elementor-element elementor-element-8b76e93 elementor-widget elementor-widget-heading\" data-id=\"8b76e93\" data-element_type=\"widget\" data-e-type=\"widget\" data-widget_type=\"heading.default\">\n\t\t\t\t\t<h2 class=\"elementor-heading-title elementor-size-default\">\n<\/h2>\t\t\t\t<\/div>\n\t\t\t\t\t<\/div>\n\t\t\t\t<\/div>\n\t\t<div class=\"elementor-element elementor-element-6b9e521 e-flex e-con-boxed e-con e-parent\" data-id=\"6b9e521\" data-element_type=\"container\" data-e-type=\"container\">\n\t\t\t\t\t<div class=\"e-con-inner\">\n\t\t\t\t\t<\/div>\n\t\t\t\t<\/div>\n\t\t<div class=\"elementor-element elementor-element-59ac148 e-flex e-con-boxed e-con e-parent\" data-id=\"59ac148\" data-element_type=\"container\" data-e-type=\"container\">\n\t\t\t\t\t<div class=\"e-con-inner\">\n\t\t\t\t<div class=\"elementor-element elementor-element-32103df elementor-grid-4 elementor-grid-tablet-3 elementor-grid-mobile-2 elementor-products-grid elementor-wc-products elementor-widget elementor-widget-wc-categories\" data-id=\"32103df\" data-element_type=\"widget\" data-e-type=\"widget\" data-widget_type=\"wc-categories.default\">\n\t\t\t\t\t<div class=\"woocommerce columns-4\"><ul class=\"products elementor-grid columns-4\">\n<li class=\"product-category product first\">\n\t<a aria-label=\"Przejd\u017a do kategorii produktu Zestawy\" href=\"https:\/\/tksg.pl\/?product_cat=zestawy\"><img fetchpriority=\"high\" decoding=\"async\" src=\"https:\/\/tksg.pl\/wp-content\/uploads\/2026\/03\/zestawy-300x300.jpg\" alt=\"Zestawy\" width=\"300\" height=\"300\" srcset=\"https:\/\/tksg.pl\/wp-content\/uploads\/2026\/03\/zestawy-300x300.jpg 300w, https:\/\/tksg.pl\/wp-content\/uploads\/2026\/03\/zestawy-e1774196622925-150x150.jpg 150w, https:\/\/tksg.pl\/wp-content\/uploads\/2026\/03\/zestawy-e1774196622925-100x100.jpg 100w, https:\/\/tksg.pl\/wp-content\/uploads\/2026\/03\/zestawy-e1774196622925.jpg 256w\" sizes=\"(max-width: 300px) 100vw, 300px\" \/>\t\t<h2 class=\"woocommerce-loop-category__title\">\n\t\t\tZestawy\t\t<\/h2>\n\t\t<\/a><\/li>\n<li class=\"product-category product\">\n\t<a aria-label=\"Przejd\u017a do kategorii produktu Niskie ceny\" href=\"https:\/\/tksg.pl\/?product_cat=niskie-ceny\"><img decoding=\"async\" src=\"https:\/\/tksg.pl\/wp-content\/uploads\/2026\/03\/sale-e1774194798361-300x300.jpg\" alt=\"Niskie ceny\" width=\"300\" height=\"300\" srcset=\"https:\/\/tksg.pl\/wp-content\/uploads\/2026\/03\/sale-e1774194798361-300x300.jpg 300w, https:\/\/tksg.pl\/wp-content\/uploads\/2026\/03\/sale-e1774194798361-150x150.jpg 150w, https:\/\/tksg.pl\/wp-content\/uploads\/2026\/03\/sale-e1774194798361-768x768.jpg 768w, https:\/\/tksg.pl\/wp-content\/uploads\/2026\/03\/sale-e1774194798361-600x600.jpg 600w, https:\/\/tksg.pl\/wp-content\/uploads\/2026\/03\/sale-e1774194798361-100x100.jpg 100w\" sizes=\"(max-width: 300px) 100vw, 300px\" \/>\t\t<h2 class=\"woocommerce-loop-category__title\">\n\t\t\tNiskie ceny\t\t<\/h2>\n\t\t<\/a><\/li>\n<li class=\"product-category product\">\n\t<a aria-label=\"Przejd\u017a do kategorii produktu Litery\" href=\"https:\/\/tksg.pl\/?product_cat=litery\"><img decoding=\"async\" src=\"https:\/\/tksg.pl\/wp-content\/uploads\/2026\/03\/Litery-1-e1774195158601-300x300.jpeg\" alt=\"Litery\" width=\"300\" height=\"300\" srcset=\"https:\/\/tksg.pl\/wp-content\/uploads\/2026\/03\/Litery-1-e1774195158601-300x300.jpeg 300w, https:\/\/tksg.pl\/wp-content\/uploads\/2026\/03\/Litery-1-e1774195158601-150x150.jpeg 150w, https:\/\/tksg.pl\/wp-content\/uploads\/2026\/03\/Litery-1-e1774195158601-768x767.jpeg 768w, https:\/\/tksg.pl\/wp-content\/uploads\/2026\/03\/Litery-1-e1774195158601-600x599.jpeg 600w, https:\/\/tksg.pl\/wp-content\/uploads\/2026\/03\/Litery-1-e1774195158601-100x100.jpeg 100w\" sizes=\"(max-width: 300px) 100vw, 300px\" \/>\t\t<h2 class=\"woocommerce-loop-category__title\">\n\t\t\tLitery\t\t<\/h2>\n\t\t<\/a><\/li>\n<li class=\"product-category product last\">\n\t<a aria-label=\"Przejd\u017a do kategorii produktu Kubeczki i Talerzyki\" href=\"https:\/\/tksg.pl\/?product_cat=kubeczki-talerzyki\"><img loading=\"lazy\" decoding=\"async\" src=\"https:\/\/tksg.pl\/wp-content\/uploads\/2026\/03\/kategoria-talerzyki-300x300.jpg\" alt=\"Kubeczki i Talerzyki\" width=\"300\" height=\"300\" srcset=\"https:\/\/tksg.pl\/wp-content\/uploads\/2026\/03\/kategoria-talerzyki-300x300.jpg 300w, https:\/\/tksg.pl\/wp-content\/uploads\/2026\/03\/kategoria-talerzyki-150x150.jpg 150w, https:\/\/tksg.pl\/wp-content\/uploads\/2026\/03\/kategoria-talerzyki-100x100.jpg 100w\" sizes=\"(max-width: 300px) 100vw, 300px\" \/>\t\t<h2 class=\"woocommerce-loop-category__title\">\n\t\t\tKubeczki i Talerzyki\t\t<\/h2>\n\t\t<\/a><\/li>\n<li class=\"product-category product first\">\n\t<a aria-label=\"Przejd\u017a do kategorii produktu Cyfry\" href=\"https:\/\/tksg.pl\/?product_cat=cyfry\"><img loading=\"lazy\" decoding=\"async\" src=\"https:\/\/tksg.pl\/wp-content\/uploads\/2026\/03\/1-urodziny.jpg\" alt=\"Cyfry\" width=\"300\" height=\"300\" \/>\t\t<h2 class=\"woocommerce-loop-category__title\">\n\t\t\tCyfry\t\t<\/h2>\n\t\t<\/a><\/li>\n<li class=\"product-category product\">\n\t<a aria-label=\"Przejd\u017a do kategorii produktu Balony Lateksowe\" href=\"https:\/\/tksg.pl\/?product_cat=balony-lateksowe\"><img loading=\"lazy\" decoding=\"async\" src=\"https:\/\/tksg.pl\/wp-content\/uploads\/2026\/03\/ai-generated-balloons-colorful-balloons-party-decoration-floating-balloons-cheerful-celebration-colorful-celebration-decoration-party-cutout-9277334-300x300.png\" alt=\"Balony Lateksowe\" width=\"300\" height=\"300\" srcset=\"https:\/\/tksg.pl\/wp-content\/uploads\/2026\/03\/ai-generated-balloons-colorful-balloons-party-decoration-floating-balloons-cheerful-celebration-colorful-celebration-decoration-party-cutout-9277334-300x300.png 300w, https:\/\/tksg.pl\/wp-content\/uploads\/2026\/03\/ai-generated-balloons-colorful-balloons-party-decoration-floating-balloons-cheerful-celebration-colorful-celebration-decoration-party-cutout-9277334-150x150.png 150w, https:\/\/tksg.pl\/wp-content\/uploads\/2026\/03\/ai-generated-balloons-colorful-balloons-party-decoration-floating-balloons-cheerful-celebration-colorful-celebration-decoration-party-cutout-9277334-100x100.png 100w\" sizes=\"(max-width: 300px) 100vw, 300px\" \/>\t\t<h2 class=\"woocommerce-loop-category__title\">\n\t\t\tBalony Lateksowe\t\t<\/h2>\n\t\t<\/a><\/li>\n<li class=\"product-category product\">\n\t<a aria-label=\"Przejd\u017a do kategorii produktu Balony foliowe\" href=\"https:\/\/tksg.pl\/?product_cat=balony-foliowe\"><img loading=\"lazy\" decoding=\"async\" src=\"https:\/\/tksg.pl\/wp-content\/uploads\/2026\/03\/balone-foliowe-300x300.jpg\" alt=\"Balony foliowe\" width=\"300\" height=\"300\" srcset=\"https:\/\/tksg.pl\/wp-content\/uploads\/2026\/03\/balone-foliowe-300x300.jpg 300w, https:\/\/tksg.pl\/wp-content\/uploads\/2026\/03\/balone-foliowe-150x150.jpg 150w, https:\/\/tksg.pl\/wp-content\/uploads\/2026\/03\/balone-foliowe-100x100.jpg 100w, https:\/\/tksg.pl\/wp-content\/uploads\/2026\/03\/balone-foliowe-e1774186483252.jpg 256w\" sizes=\"(max-width: 300px) 100vw, 300px\" \/>\t\t<h2 class=\"woocommerce-loop-category__title\">\n\t\t\tBalony foliowe<mark class=\"count\">18 produkt\u00f3w<\/mark>\t\t<\/h2>\n\t\t<\/a><\/li>\n<li class=\"product-category product last\">\n\t<a aria-label=\"Przejd\u017a do kategorii produktu Akcesoria\" href=\"https:\/\/tksg.pl\/?product_cat=akcesoria\"><img loading=\"lazy\" decoding=\"async\" src=\"https:\/\/tksg.pl\/wp-content\/uploads\/2026\/03\/akcesoria-kategoria-300x230.jpg\" alt=\"Akcesoria\" width=\"300\" height=\"300\" \/>\t\t<h2 class=\"woocommerce-loop-category__title\">\n\t\t\tAkcesoria\t\t<\/h2>\n\t\t<\/a><\/li>\n<\/ul>\n<\/div>\t\t\t\t<\/div>\n\t\t\t\t<div class=\"elementor-element elementor-element-206f25f elementor-widget-divider--view-line elementor-widget elementor-widget-divider\" data-id=\"206f25f\" data-element_type=\"widget\" data-e-type=\"widget\" data-widget_type=\"divider.default\">\n\t\t\t\t\t\t\t<div class=\"elementor-divider\">\n\t\t\t<span class=\"elementor-divider-separator\">\n\t\t\t\t\t\t<\/span>\n\t\t<\/div>\n\t\t\t\t\t\t<\/div>\n\t\t\t\t<div class=\"elementor-element elementor-element-5f00a97 elementor-widget elementor-widget-wp-widget-woocommerce_product_search\" data-id=\"5f00a97\" data-element_type=\"widget\" data-e-type=\"widget\" data-widget_type=\"wp-widget-woocommerce_product_search.default\">\n\t\t\t\t<div class=\"elementor-widget-container\">\n\t\t\t\t\t<div class=\"woocommerce widget_product_search\"><form role=\"search\" method=\"get\" class=\"woocommerce-product-search\" action=\"https:\/\/tksg.pl\/\">\n\t<label class=\"screen-reader-text\" for=\"woocommerce-product-search-field-0\">Szukaj:<\/label>\n\t<input type=\"search\" id=\"woocommerce-product-search-field-0\" class=\"search-field\" placeholder=\"Szukaj produkt\u00f3w&hellip;\" value=\"\" name=\"s\" \/>\n\t<button type=\"submit\" value=\"Szukaj\" class=\"\">Szukaj<\/button>\n\t<input type=\"hidden\" name=\"post_type\" value=\"product\" \/>\n<\/form>\n<\/div>\t\t\t\t<\/div>\n\t\t\t\t<\/div>\n\t\t\t\t\t<\/div>\n\t\t\t\t<\/div>\n\t\t\t\t<\/div>\n\t\t","protected":false},"excerpt":{"rendered":"<p>Balony lateksoweWybierz kolor, rozmiar i stw\u00f3rz niepowtarzaln\u0105 dekoracj\u0119Naci\u015bnij mnieTalerzyki i kubeczkiWybierz sw\u00f3j zestawNaci\u015bnij mnieLitery i cyfryWielkie cyfry, kolorowe litery.Naci\u015bnij mnieBalony [&hellip;]<\/p>\n","protected":false},"author":1,"featured_media":583,"parent":0,"menu_order":1,"comment_status":"closed","ping_status":"closed","template":"elementor_header_footer","meta":{"site-sidebar-layout":"default","site-content-layout":"","ast-site-content-layout":"default","site-content-style":"default","site-sidebar-style":"default","ast-global-header-display":"","ast-banner-title-visibility":"","ast-main-header-display":"","ast-hfb-above-header-display":"","ast-hfb-below-header-display":"","ast-hfb-mobile-header-display":"","site-post-title":"","ast-breadcrumbs-content":"","ast-featured-img":"","footer-sml-layout":"","ast-disable-related-posts":"","theme-transparent-header-meta":"","adv-header-id-meta":"","stick-header-meta":"","header-above-stick-meta":"","header-main-stick-meta":"","header-below-stick-meta":"","astra-migrate-meta-layouts":"default","ast-page-background-enabled":"default","ast-page-background-meta":{"desktop":{"background-color":"var(--ast-global-color-5)","background-image":"","background-repeat":"repeat","background-position":"center center","background-size":"auto","background-attachment":"scroll","background-type":"","background-media":"","overlay-type":"","overlay-color":"","overlay-opacity":"","overlay-gradient":""},"tablet":{"background-color":"","background-image":"","background-repeat":"repeat","background-position":"center center","background-size":"auto","background-attachment":"scroll","background-type":"","background-media":"","overlay-type":"","overlay-color":"","overlay-opacity":"","overlay-gradient":""},"mobile":{"background-color":"","background-image":"","background-repeat":"repeat","background-position":"center center","background-size":"auto","background-attachment":"scroll","background-type":"","background-media":"","overlay-type":"","overlay-color":"","overlay-opacity":"","overlay-gradient":""}},"ast-content-background-meta":{"desktop":{"background-color":"var(--ast-global-color-4)","background-image":"","background-repeat":"repeat","background-position":"center center","background-size":"auto","background-attachment":"scroll","background-type":"","background-media":"","overlay-type":"","overlay-color":"","overlay-opacity":"","overlay-gradient":""},"tablet":{"background-color":"var(--ast-global-color-4)","background-image":"","background-repeat":"repeat","background-position":"center center","background-size":"auto","background-attachment":"scroll","background-type":"","background-media":"","overlay-type":"","overlay-color":"","overlay-opacity":"","overlay-gradient":""},"mobile":{"background-color":"var(--ast-global-color-4)","background-image":"","background-repeat":"repeat","background-position":"center center","background-size":"auto","background-attachment":"scroll","background-type":"","background-media":"","overlay-type":"","overlay-color":"","overlay-opacity":"","overlay-gradient":""}},"footnotes":""},"class_list":["post-579","page","type-page","status-publish","has-post-thumbnail","hentry"],"jetpack_sharing_enabled":true,"_links":{"self":[{"href":"https:\/\/tksg.pl\/index.php?rest_route=\/wp\/v2\/pages\/579","targetHints":{"allow":["GET"]}}],"collection":[{"href":"https:\/\/tksg.pl\/index.php?rest_route=\/wp\/v2\/pages"}],"about":[{"href":"https:\/\/tksg.pl\/index.php?rest_route=\/wp\/v2\/types\/page"}],"author":[{"embeddable":true,"href":"https:\/\/tksg.pl\/index.php?rest_route=\/wp\/v2\/users\/1"}],"replies":[{"embeddable":true,"href":"https:\/\/tksg.pl\/index.php?rest_route=%2Fwp%2Fv2%2Fcomments&post=579"}],"version-history":[{"count":19,"href":"https:\/\/tksg.pl\/index.php?rest_route=\/wp\/v2\/pages\/579\/revisions"}],"predecessor-version":[{"id":741,"href":"https:\/\/tksg.pl\/index.php?rest_route=\/wp\/v2\/pages\/579\/revisions\/741"}],"wp:featuredmedia":[{"embeddable":true,"href":"https:\/\/tksg.pl\/index.php?rest_route=\/wp\/v2\/media\/583"}],"wp:attachment":[{"href":"https:\/\/tksg.pl\/index.php?rest_route=%2Fwp%2Fv2%2Fmedia&parent=579"}],"curies":[{"name":"wp","href":"https:\/\/api.w.org\/{rel}","templated":true}]}}